{"id":6324,"date":"2024-03-02T07:32:49","date_gmt":"2024-03-02T07:32:49","guid":{"rendered":"https:\/\/housescanary.com\/?page_id=6324"},"modified":"2024-03-05T09:37:20","modified_gmt":"2024-03-05T09:37:20","slug":"nosotros","status":"publish","type":"page","link":"https:\/\/housescanary.com\/en\/nosotros\/","title":{"rendered":"About us"},"content":{"rendered":"<p>[et_pb_section fb_built=\u00bb1&#8243; _builder_version=\u00bb4.24.2&#8243; background_image=\u00bbhttps:\/\/housescanary.com\/wp-content\/uploads\/2024\/03\/young-tourist-walking-by-a-pintoresque-village-in-gran-canaria.jpg\u00bb parallax=\u00bbon\u00bb hover_enabled=\u00bb0&#8243; global_colors_info=\u00bb{}\u00bb alt=\u00bbYoung tourist walking by a pintoresque village in Gran Canaria\u00bb title_text=\u00bbYoung tourist walking by a pintoresque village in Gran Canaria\u00bb use_background_color_gradient=\u00bbon\u00bb background_color_gradient_overlays_image=\u00bbon\u00bb background_color_gradient_stops=\u00bbrgba(0,0,0,0.5) 0%|rgba(0,0,0,0.5) 100%\u00bb sticky_enabled=\u00bb0&#8243;][et_pb_row _builder_version=\u00bb4.16&#8243; custom_margin=\u00bb40px||40px||true|false\u00bb global_colors_info=\u00bb{}\u00bb][et_pb_column type=\u00bb4_4&#8243; _builder_version=\u00bb4.16&#8243; global_colors_info=\u00bb{}\u00bb][et_pb_text _builder_version=\u00bb4.24.2&#8243; text_text_color=\u00bb#ffffff\u00bb header_text_color=\u00bb#ffffff\u00bb custom_margin=\u00bb||15px||false|false\u00bb hover_enabled=\u00bb0&#8243; global_colors_info=\u00bb{}\u00bb sticky_enabled=\u00bb0&#8243;]<\/p>\n<h1 style=\"text-align: center;\">Sobre nosotros<\/h1>\n<p>[\/et_pb_text][et_pb_divider color=\u00bb#ffffff\u00bb divider_weight=\u00bb3px\u00bb _builder_version=\u00bb4.16&#8243; width=\u00bb15%\u00bb module_alignment=\u00bbcenter\u00bb custom_margin=\u00bb||6px||false|false\u00bb global_colors_info=\u00bb{}\u00bb][\/et_pb_divider][\/et_pb_column][\/et_pb_row][\/et_pb_section][et_pb_section fb_built=\u00bb1&#8243; _builder_version=\u00bb4.16&#8243; global_colors_info=\u00bb{}\u00bb][et_pb_row column_structure=\u00bb1_2,1_2&#8243; _builder_version=\u00bb4.16&#8243; width=\u00bb70%\u00bb global_colors_info=\u00bb{}\u00bb][et_pb_column type=\u00bb1_2&#8243; _builder_version=\u00bb4.16&#8243; global_colors_info=\u00bb{}\u00bb][et_pb_image src=\u00bbhttps:\/\/housescanary.com\/wp-content\/uploads\/2024\/03\/about2.jpg\u00bb align=\u00bbright\u00bb _builder_version=\u00bb4.16&#8243; border_radii=\u00bbon|6px|6px|6px|6px\u00bb box_shadow_style=\u00bbpreset1&#8243; box_shadow_blur=\u00bb19px\u00bb box_shadow_spread=\u00bb-8px\u00bb global_colors_info=\u00bb{}\u00bb][\/et_pb_image][et_pb_text _builder_version=\u00bb4.16&#8243; text_font=\u00bb|600|||||||\u00bb header_4_font=\u00bb|700|||||||\u00bb header_4_font_size=\u00bb24px\u00bb custom_margin=\u00bb||15px||false|false\u00bb locked=\u00bboff\u00bb global_colors_info=\u00bb{}\u00bb]<\/p>\n<h4 class=\"bold\"><strong>Our mission<\/strong><\/h4>\n<p>[\/et_pb_text][et_pb_divider color=\u00bb#2387ea\u00bb divider_weight=\u00bb3px\u00bb _builder_version=\u00bb4.16&#8243; width=\u00bb22%\u00bb custom_margin=\u00bb||0px||false|false\u00bb locked=\u00bboff\u00bb global_colors_info=\u00bb{}\u00bb][\/et_pb_divider][et_pb_text _builder_version=\u00bb4.24.2&#8243; text_text_color=\u00bb#999999&#8243; hover_enabled=\u00bb0&#8243; locked=\u00bboff\u00bb global_colors_info=\u00bb{}\u00bb sticky_enabled=\u00bb0&#8243;]<\/p>\n<p data-sourcepos=\"15:3-15:117\">Our mission is to provide our clients with a unique and unforgettable rental experience in Gran Canaria.<\/p>\n<p>[\/et_pb_text][\/et_pb_column][et_pb_column type=\u00bb1_2&#8243; _builder_version=\u00bb4.16&#8243; global_colors_info=\u00bb{}\u00bb][et_pb_text _builder_version=\u00bb4.16&#8243; text_font=\u00bb|600|||||||\u00bb header_4_font=\u00bb|700|||||||\u00bb header_4_font_size=\u00bb24px\u00bb custom_margin=\u00bb||15px||false|false\u00bb global_colors_info=\u00bb{}\u00bb]<\/p>\n<h4 class=\"bold\">Houses Forrent<\/h4>\n<p>[\/et_pb_text][et_pb_divider color=\u00bb#2387ea\u00bb divider_weight=\u00bb3px\u00bb _builder_version=\u00bb4.16&#8243; width=\u00bb22%\u00bb custom_margin=\u00bb||0px||false|false\u00bb global_colors_info=\u00bb{}\u00bb][\/et_pb_divider][et_pb_text _builder_version=\u00bb4.16&#8243; text_text_color=\u00bb#999999&#8243; global_colors_info=\u00bb{}\u00bb]<\/p>\n<p><span>It is a company dedicated to renting houses and rooms in Gran Canaria. We offer a wide selection of properties to suit all tastes and budgets, from beachfront apartments to villas with private pools.<\/span><\/p>\n<p>[\/et_pb_text][et_pb_image src=\u00bbhttps:\/\/housescanary.com\/wp-content\/uploads\/2024\/03\/about3.jpg\u00bb _builder_version=\u00bb4.16&#8243; border_radii=\u00bbon|6px|6px|6px|6px\u00bb box_shadow_style=\u00bbpreset1&#8243; box_shadow_blur=\u00bb19px\u00bb box_shadow_spread=\u00bb-8px\u00bb global_colors_info=\u00bb{}\u00bb][\/et_pb_image][\/et_pb_column][\/et_pb_row][\/et_pb_section][et_pb_section fb_built=\u00bb1&#8243; _builder_version=\u00bb4.16&#8243; background_image=\u00bbhttps:\/\/housescanary.com\/wp-content\/uploads\/2024\/03\/homebg1-1.jpg\u00bb parallax=\u00bbon\u00bb global_colors_info=\u00bb{}\u00bb][et_pb_row _builder_version=\u00bb4.24.2&#8243; _module_preset=\u00bbdefault\u00bb][et_pb_column _builder_version=\u00bb4.24.2&#8243; _module_preset=\u00bbdefault\u00bb type=\u00bb4_4&#8243;][et_pb_text _builder_version=\u00bb4.24.2&#8243; text_font=\u00bbABeeZee|700|||||||\u00bb text_text_color=\u00bb#3f95ea\u00bb text_line_height=\u00bb2.3em\u00bb header_font_size=\u00bb41px\u00bb header_3_font_size=\u00bb44px\u00bb text_orientation=\u00bbcenter\u00bb custom_margin=\u00bb||15px||false|false\u00bb global_colors_info=\u00bb{}\u00bb locked=\u00bboff\u00bb]<\/p>\n<h3 class=\"bold\">Our values<\/h3>\n<p>[\/et_pb_text][\/et_pb_column][\/et_pb_row][et_pb_row column_structure=\u00bb1_3,1_3,1_3&#8243; _builder_version=\u00bb4.16&#8243; global_colors_info=\u00bb{}\u00bb][et_pb_column type=\u00bb1_3&#8243; _builder_version=\u00bb4.16&#8243; global_colors_info=\u00bb{}\u00bb][et_pb_blurb title=\u00bbExcelencia\u00bb use_icon=\u00bbon\u00bb font_icon=\u00bb&#xe031;||divi||400&#8243; icon_color=\u00bb#2588ea\u00bb image_icon_width=\u00bb55px\u00bb _builder_version=\u00bb4.24.2&#8243; header_font=\u00bb|600|||||||\u00bb header_font_size=\u00bb15px\u00bb body_text_color=\u00bb#888888&#8243; body_font_size=\u00bb13px\u00bb text_orientation=\u00bbcenter\u00bb hover_enabled=\u00bb0&#8243; icon_font_size=\u00bb55px\u00bb global_colors_info=\u00bb{}\u00bb sticky_enabled=\u00bb0&#8243;]<\/p>\n<p><span>We strive to offer a high quality rental service to our customers.<\/span><\/p>\n<p>[\/et_pb_blurb][\/et_pb_column][et_pb_column type=\u00bb1_3&#8243; _builder_version=\u00bb4.16&#8243; global_colors_info=\u00bb{}\u00bb][et_pb_blurb title=\u00bbConfianza\u00bb use_icon=\u00bbon\u00bb font_icon=\u00bb&#xe102;||divi||400&#8243; icon_color=\u00bb#2588ea\u00bb image_icon_width=\u00bb55px\u00bb _builder_version=\u00bb4.24.2&#8243; header_font=\u00bb|600|||||||\u00bb header_font_size=\u00bb15px\u00bb body_text_color=\u00bb#888888&#8243; body_font_size=\u00bb13px\u00bb text_orientation=\u00bbcenter\u00bb hover_enabled=\u00bb0&#8243; icon_font_size=\u00bb55px\u00bb global_colors_info=\u00bb{}\u00bb sticky_enabled=\u00bb0&#8243;]<\/p>\n<p><span>We are a transparent and reliable company.<\/span><\/p>\n<p>[\/et_pb_blurb][\/et_pb_column][et_pb_column type=\u00bb1_3&#8243; _builder_version=\u00bb4.16&#8243; global_colors_info=\u00bb{}\u00bb][et_pb_blurb title=\u00bbCercan\u00eda\u00bb use_icon=\u00bbon\u00bb font_icon=\u00bb&#xe106;||divi||400&#8243; icon_color=\u00bb#2588ea\u00bb image_icon_width=\u00bb55px\u00bb _builder_version=\u00bb4.24.2&#8243; header_font=\u00bb|600|||||||\u00bb header_font_size=\u00bb15px\u00bb body_text_color=\u00bb#888888&#8243; body_font_size=\u00bb13px\u00bb text_orientation=\u00bbcenter\u00bb hover_enabled=\u00bb0&#8243; icon_font_size=\u00bb55px\u00bb global_colors_info=\u00bb{}\u00bb sticky_enabled=\u00bb0&#8243;]<\/p>\n<p><span>We offer close and personalized treatment to our clients.<\/span><\/p>\n<p>[\/et_pb_blurb][\/et_pb_column][\/et_pb_row][\/et_pb_section]<\/p>","protected":false},"excerpt":{"rendered":"<p>Sobre nosotrosNuestra misi\u00f3nNuestra misi\u00f3n es proporcionar a nuestros clientes una experiencia de alquiler \u00fanica e inolvidable en Gran Canaria.Houses ForrentEs una empresa dedicada al alquiler de casas y habitaciones en Gran Canaria. Ofrecemos una amplia selecci\u00f3n de propiedades para todos los gustos y presupuestos, desde apartamentos frente al mar hasta villas con piscina privada.Nuestros valoresNos [&hellip;]<\/p>","protected":false},"author":1,"featured_media":0,"parent":0,"menu_order":0,"comment_status":"closed","ping_status":"closed","template":"","meta":{"_et_pb_use_builder":"on","_et_pb_old_content":"<!-- wp:divi\/placeholder \/-->","_et_gb_content_width":"","footnotes":""},"class_list":["post-6324","page","type-page","status-publish","hentry"],"_links":{"self":[{"href":"https:\/\/housescanary.com\/en\/wp-json\/wp\/v2\/pages\/6324","targetHints":{"allow":["GET"]}}],"collection":[{"href":"https:\/\/housescanary.com\/en\/wp-json\/wp\/v2\/pages"}],"about":[{"href":"https:\/\/housescanary.com\/en\/wp-json\/wp\/v2\/types\/page"}],"author":[{"embeddable":true,"href":"https:\/\/housescanary.com\/en\/wp-json\/wp\/v2\/users\/1"}],"replies":[{"embeddable":true,"href":"https:\/\/housescanary.com\/en\/wp-json\/wp\/v2\/comments?post=6324"}],"version-history":[{"count":5,"href":"https:\/\/housescanary.com\/en\/wp-json\/wp\/v2\/pages\/6324\/revisions"}],"predecessor-version":[{"id":6442,"href":"https:\/\/housescanary.com\/en\/wp-json\/wp\/v2\/pages\/6324\/revisions\/6442"}],"wp:attachment":[{"href":"https:\/\/housescanary.com\/en\/wp-json\/wp\/v2\/media?parent=6324"}],"curies":[{"name":"wp","href":"https:\/\/api.w.org\/{rel}","templated":true}]}}