{"id":6467,"date":"2024-03-18T04:00:00","date_gmt":"2024-03-18T04:00:00","guid":{"rendered":"https:\/\/housescanary.com\/agent-public\/"},"modified":"2024-03-18T04:00:00","modified_gmt":"2024-03-18T04:00:00","slug":"agent-public","status":"publish","type":"page","link":"https:\/\/housescanary.com\/en\/agent-public\/","title":{"rendered":"Agent Profile"},"content":{"rendered":"<div class=\"bootstrap-wrapper\" >\r\n\t<div class=\"container\">\r\n\t\t<div class=\"row\">\r\n\t\t\t<div class=\"col-md-4 profile_userinfo text-center\">\r\n\t\t\t\t<div class=\"userpic\">\r\n\t\t\t\t\t\t <img decoding=\"async\" src=\"https:\/\/housescanary.com\/wp-content\/plugins\/real-estate-pro\/assets\/images\/Blank-Profile.jpg\" class=\"agent\">\t\t\t\t<\/div>\r\n\t\t\t\t\t\t\t\t<h4 class=\"username mb-5 mb-md-0\">\r\n\t\t\t\t\t\t\t\t\t<\/h4>\r\n\t\t\t<\/div>\r\n\t\t\t<div class=\"col-md-8 pl-5 ml-auto\">\r\n\t\t\t\t<div class=\"user_contacts\">\r\n\t\t\t\t\t\t\t\t\t\t<h4 class=\"profile-desc-title\">\r\n\t\t\t\t\t\tContact\t\t\t\t\t<\/h4>\r\n\r\n\t\t\t\t\t\t\t\t\t\t\t<p class=\"user_phone\">\t\t                   \r\n\t\t\t\t\t\t\t<i class=\"fas fa-phone-volume mr-1\"><\/i>\r\n\t\t\t\t\t\t\tPhone # :\t\t\t\t\t\t<\/p>\r\n\t\t\t\t\t\r\n\t\t\t\t\t\t\t\t\t\t\t<p class=\"user_mobile\">\t\t                   \r\n\t\t\t\t\t\t\t<i class=\"fas fa-mobile-alt mr-1\"><\/i>\r\n\t\t\t\t\t\t\tMobile # :\t\t\t\t\t\t<\/p>\r\n\t\t\t\t\t\r\n\t\t\t\t\t\t\t\t\t\t\t<p class=\"user_email\">\r\n\t\t\t\t\t\t\t<a href=\"mailto:\">\t\t                   \r\n\t\t\t\t\t\t\t\t<i class=\"fa fa-envelope mr-1\"><\/i>\r\n\t\t\t\t\t\t\t\t\t\t\t\t\t\t\t<\/a>\r\n\t\t\t\t\t\t<\/p>\r\n\t\t\t\t\t\t\t\t\t\t<p class=\"user_website\">\r\n\t\t\t\t\t\t<a href=\"\/\/\" >\t\t <i class=\"fa fa-globe mr-1\"><\/i>\r\n\t\t\t\t\t\t\t\t\t\t\t\t<\/a>\r\n\t\t\t\t\t<\/p>\r\n\t\t\t\t<\/div>\r\n\t\t\t\t<div class=\"user_socials\">\r\n\t\t\t\t\t<div class=\"user_fb\">\r\n                  \t\t<a href=\"\/en\/\">\r\n\t\t\t\t\t\t  <i class=\"fab fa-facebook\"><\/i>\r\n\t\t\t\t\t\t<\/a>\r\n\t\t\t\t\t<\/div>\r\n\t\t\t\t\t<div class=\"user_twitter\">\r\n                  \t\t<a href=\"\/en\/\">\r\n\t\t\t\t\t\t  <i class=\"fab fa-twitter\"><\/i>\r\n\t\t\t\t\t\t<\/a>\r\n                \t<\/div>\r\n\t\t\t\t\t<div class=\"user_gplus\">\r\n\t\t\t\t\t\t<a href=\"\/en\/\">\r\n\t\t\t\t\t\t<i class=\"fab fa-google-plus-g\"><\/i>\r\n\t\t\t\t\t\t<\/a>\r\n\t\t\t\t\t<\/div>\r\n\t\t\t\t<\/div>\r\n\t\t\t<\/div>\r\n\t\t<\/div>\r\n\t<\/div>\r\n<\/div>\r\n<div class=\"bootstrap-wrapper\">\r\n\t<div class=\"container\">\r\n\t\t<div class=\"row agent_properties\">\r\n\t\t\t<div class=\"col-md-12\">\r\n\t\t\t\t<h4 class=\"agent_properties_title\">\r\n\t\t\t\t\tProperties\t\t\t\t<\/h4>\r\n\t\t\t<\/div>\r\n\t\t<\/div>\r\n\t<\/div>\r\n<\/div>\r\n<div class=\"bootstrap-wrapper\">\r\n\t<div class=\"container\">\r\n\t\t<div class=\"row\">\r\n\t\t\t\t\t\t\t\t<div class=\"col-md-4\">\r\n\t\t\t\t\t\t<div class=\"user_poperties\">\r\n\t\t\t\t\t\t\t\t\t\t\t\t\t\t\t\t<a href=\"https:\/\/housescanary.com\/en\/property\/neri-apartment\/\" rel=\"nofollow\">\r\n\t\t\t\t\t\t\t\t\t\r\n\t\t\t\t\t\t\t\t<div class=\"user_property_img\">\t\t\t\t\t\t\t\t\t\r\n\t\t\t\t\t\t\t\t\t<img decoding=\"async\" src=\"https:\/\/housescanary.com\/wp-content\/uploads\/2024\/03\/499223905.jpg\" alt=\"\">\r\n\t\t\t\t\t\t\t\t<\/div>\r\n\t\t\t\t\t\t\t\t<p class=\"user_property_status\">\r\n\t\t\t\t\t\t\t\t\tEn alquiler\t\t\t\t\t\t\t\t<\/p>\r\n\t\t\t\t\t\t\t<\/a>\t\t\t\t\t\t\t\t\t\t\r\n\t\t\t\t\t\t\t<div class=\"user_property_desc\">\r\n\t\t\t\t\t\t\t\t<h5 class=\"property_title\">\r\n\t\t\t\t\t\t\t\t\t\t\t\t\t\t\t\t\t<a href=\"https:\/\/housescanary.com\/en\/property\/neri-apartment\/\" class=\"cbp-l-grid-team-name\" >Bungalow Gilly<\/a>\r\n\t\t\t\t\t\t\t\t\t\r\n\t\t\t\t\t\t\t\t\r\n\t\t\t\t\t\t\t\t\t\r\n\t\t\t\t\t\t\t\t<\/h5>\r\n\t\t\t\t\t\t\t\t<p class=\"property_price\">\t\t\t\t\t\t\t\t\r\n\t\t\t\t\t\t\t\t\t0\t\t\t\t\t\t\t\t<\/p>\r\n\t\t\t\t\t\t\t<\/div>\r\n\t\t\t\t\t\t<\/div>\r\n\t\t\t\t\t<\/div>\r\n\t\t\t\t\t\t\t\t\t\t\t\t\t\t<div class=\"col-md-4\">\r\n\t\t\t\t\t\t<div class=\"user_poperties\">\r\n\t\t\t\t\t\t\t\t\t\t\t\t\t\t\t\t<a href=\"https:\/\/housescanary.com\/en\/property\/guinea-apartment\/\" rel=\"nofollow\">\r\n\t\t\t\t\t\t\t\t\t\r\n\t\t\t\t\t\t\t\t<div class=\"user_property_img\">\t\t\t\t\t\t\t\t\t\r\n\t\t\t\t\t\t\t\t\t<img decoding=\"async\" src=\"https:\/\/housescanary.com\/wp-content\/uploads\/2024\/03\/513783022.jpg\" alt=\"\">\r\n\t\t\t\t\t\t\t\t<\/div>\r\n\t\t\t\t\t\t\t\t<p class=\"user_property_status\">\r\n\t\t\t\t\t\t\t\t\tEn alquiler\t\t\t\t\t\t\t\t<\/p>\r\n\t\t\t\t\t\t\t<\/a>\t\t\t\t\t\t\t\t\t\t\r\n\t\t\t\t\t\t\t<div class=\"user_property_desc\">\r\n\t\t\t\t\t\t\t\t<h5 class=\"property_title\">\r\n\t\t\t\t\t\t\t\t\t\t\t\t\t\t\t\t\t<a href=\"https:\/\/housescanary.com\/en\/property\/guinea-apartment\/\" class=\"cbp-l-grid-team-name\" >Guinea Apartment<\/a>\r\n\t\t\t\t\t\t\t\t\t\r\n\t\t\t\t\t\t\t\t\r\n\t\t\t\t\t\t\t\t\t\r\n\t\t\t\t\t\t\t\t<\/h5>\r\n\t\t\t\t\t\t\t\t<p class=\"property_price\">\t\t\t\t\t\t\t\t\r\n\t\t\t\t\t\t\t\t\t0\t\t\t\t\t\t\t\t<\/p>\r\n\t\t\t\t\t\t\t<\/div>\r\n\t\t\t\t\t\t<\/div>\r\n\t\t\t\t\t<\/div>\r\n\t\t\t\t\t\t\t\t\t\t\t\t\t\t<div class=\"col-md-4\">\r\n\t\t\t\t\t\t<div class=\"user_poperties\">\r\n\t\t\t\t\t\t\t\t\t\t\t\t\t\t\t\t<a href=\"https:\/\/housescanary.com\/en\/property\/habitacion-con-bano-privado-en-playa-del-ingles\/\" rel=\"nofollow\">\r\n\t\t\t\t\t\t\t\t\t\r\n\t\t\t\t\t\t\t\t<div class=\"user_property_img\">\t\t\t\t\t\t\t\t\t\r\n\t\t\t\t\t\t\t\t\t<img decoding=\"async\" src=\"https:\/\/housescanary.com\/wp-content\/uploads\/2024\/03\/8c34d76e-9686-4087-9478-59c660c690f2.webp\" alt=\"\">\r\n\t\t\t\t\t\t\t\t<\/div>\r\n\t\t\t\t\t\t\t\t<p class=\"user_property_status\">\r\n\t\t\t\t\t\t\t\t\tEn alquiler\t\t\t\t\t\t\t\t<\/p>\r\n\t\t\t\t\t\t\t<\/a>\t\t\t\t\t\t\t\t\t\t\r\n\t\t\t\t\t\t\t<div class=\"user_property_desc\">\r\n\t\t\t\t\t\t\t\t<h5 class=\"property_title\">\r\n\t\t\t\t\t\t\t\t\t\t\t\t\t\t\t\t\t<a href=\"https:\/\/housescanary.com\/en\/property\/habitacion-con-bano-privado-en-playa-del-ingles\/\" class=\"cbp-l-grid-team-name\" >Habitaci\u00f3n con ba\u00f1o privado en Playa del Ingl\u00e9s<\/a>\r\n\t\t\t\t\t\t\t\t\t\r\n\t\t\t\t\t\t\t\t\r\n\t\t\t\t\t\t\t\t\t\r\n\t\t\t\t\t\t\t\t<\/h5>\r\n\t\t\t\t\t\t\t\t<p class=\"property_price\">\t\t\t\t\t\t\t\t\r\n\t\t\t\t\t\t\t\t\t0\t\t\t\t\t\t\t\t<\/p>\r\n\t\t\t\t\t\t\t<\/div>\r\n\t\t\t\t\t\t<\/div>\r\n\t\t\t\t\t<\/div>\r\n\t\t\t\t\t\t\t\t\t\t\t\t\t\t<div class=\"col-md-4\">\r\n\t\t\t\t\t\t<div class=\"user_poperties\">\r\n\t\t\t\t\t\t\t\t\t\t\t\t\t\t\t\t<a href=\"https:\/\/housescanary.com\/en\/property\/holiday-and-student-house-habitacion-5\/\" rel=\"nofollow\">\r\n\t\t\t\t\t\t\t\t\t\r\n\t\t\t\t\t\t\t\t<div class=\"user_property_img\">\t\t\t\t\t\t\t\t\t\r\n\t\t\t\t\t\t\t\t\t<img decoding=\"async\" src=\"https:\/\/housescanary.com\/wp-content\/uploads\/2024\/03\/387180031.jpg\" alt=\"\">\r\n\t\t\t\t\t\t\t\t<\/div>\r\n\t\t\t\t\t\t\t\t<p class=\"user_property_status\">\r\n\t\t\t\t\t\t\t\t\tEn alquiler\t\t\t\t\t\t\t\t<\/p>\r\n\t\t\t\t\t\t\t<\/a>\t\t\t\t\t\t\t\t\t\t\r\n\t\t\t\t\t\t\t<div class=\"user_property_desc\">\r\n\t\t\t\t\t\t\t\t<h5 class=\"property_title\">\r\n\t\t\t\t\t\t\t\t\t\t\t\t\t\t\t\t\t<a href=\"https:\/\/housescanary.com\/en\/property\/holiday-and-student-house-habitacion-5\/\" class=\"cbp-l-grid-team-name\" >Holiday and Student House (Habitaci\u00f3n 5)<\/a>\r\n\t\t\t\t\t\t\t\t\t\r\n\t\t\t\t\t\t\t\t\r\n\t\t\t\t\t\t\t\t\t\r\n\t\t\t\t\t\t\t\t<\/h5>\r\n\t\t\t\t\t\t\t\t<p class=\"property_price\">\t\t\t\t\t\t\t\t\r\n\t\t\t\t\t\t\t\t\t0\t\t\t\t\t\t\t\t<\/p>\r\n\t\t\t\t\t\t\t<\/div>\r\n\t\t\t\t\t\t<\/div>\r\n\t\t\t\t\t<\/div>\r\n\t\t\t\t\t\t\t\t\t\t\t\t\t\t<div class=\"col-md-4\">\r\n\t\t\t\t\t\t<div class=\"user_poperties\">\r\n\t\t\t\t\t\t\t\t\t\t\t\t\t\t\t\t<a href=\"https:\/\/housescanary.com\/en\/property\/holiday-and-student-house-habitacion-3\/\" rel=\"nofollow\">\r\n\t\t\t\t\t\t\t\t\t\r\n\t\t\t\t\t\t\t\t<div class=\"user_property_img\">\t\t\t\t\t\t\t\t\t\r\n\t\t\t\t\t\t\t\t\t<img decoding=\"async\" src=\"https:\/\/housescanary.com\/wp-content\/uploads\/2024\/03\/470567824.jpg\" alt=\"\">\r\n\t\t\t\t\t\t\t\t<\/div>\r\n\t\t\t\t\t\t\t\t<p class=\"user_property_status\">\r\n\t\t\t\t\t\t\t\t\tEn alquiler\t\t\t\t\t\t\t\t<\/p>\r\n\t\t\t\t\t\t\t<\/a>\t\t\t\t\t\t\t\t\t\t\r\n\t\t\t\t\t\t\t<div class=\"user_property_desc\">\r\n\t\t\t\t\t\t\t\t<h5 class=\"property_title\">\r\n\t\t\t\t\t\t\t\t\t\t\t\t\t\t\t\t\t<a href=\"https:\/\/housescanary.com\/en\/property\/holiday-and-student-house-habitacion-3\/\" class=\"cbp-l-grid-team-name\" >Holiday and Student House (Habitaci\u00f3n 3)<\/a>\r\n\t\t\t\t\t\t\t\t\t\r\n\t\t\t\t\t\t\t\t\r\n\t\t\t\t\t\t\t\t\t\r\n\t\t\t\t\t\t\t\t<\/h5>\r\n\t\t\t\t\t\t\t\t<p class=\"property_price\">\t\t\t\t\t\t\t\t\r\n\t\t\t\t\t\t\t\t\t0\t\t\t\t\t\t\t\t<\/p>\r\n\t\t\t\t\t\t\t<\/div>\r\n\t\t\t\t\t\t<\/div>\r\n\t\t\t\t\t<\/div>\r\n\t\t\t\t\t\t\t\t\t\t\t\t\t\t<div class=\"col-md-4\">\r\n\t\t\t\t\t\t<div class=\"user_poperties\">\r\n\t\t\t\t\t\t\t\t\t\t\t\t\t\t\t\t<a href=\"https:\/\/housescanary.com\/en\/property\/holiday-and-student-house-habitacion-4\/\" rel=\"nofollow\">\r\n\t\t\t\t\t\t\t\t\t\r\n\t\t\t\t\t\t\t\t<div class=\"user_property_img\">\t\t\t\t\t\t\t\t\t\r\n\t\t\t\t\t\t\t\t\t<img decoding=\"async\" src=\"https:\/\/housescanary.com\/wp-content\/uploads\/2024\/03\/470567775.jpg\" alt=\"\">\r\n\t\t\t\t\t\t\t\t<\/div>\r\n\t\t\t\t\t\t\t\t<p class=\"user_property_status\">\r\n\t\t\t\t\t\t\t\t\tEn alquiler\t\t\t\t\t\t\t\t<\/p>\r\n\t\t\t\t\t\t\t<\/a>\t\t\t\t\t\t\t\t\t\t\r\n\t\t\t\t\t\t\t<div class=\"user_property_desc\">\r\n\t\t\t\t\t\t\t\t<h5 class=\"property_title\">\r\n\t\t\t\t\t\t\t\t\t\t\t\t\t\t\t\t\t<a href=\"https:\/\/housescanary.com\/en\/property\/holiday-and-student-house-habitacion-4\/\" class=\"cbp-l-grid-team-name\" >Holiday and Student House (Habitaci\u00f3n 4)<\/a>\r\n\t\t\t\t\t\t\t\t\t\r\n\t\t\t\t\t\t\t\t\r\n\t\t\t\t\t\t\t\t\t\r\n\t\t\t\t\t\t\t\t<\/h5>\r\n\t\t\t\t\t\t\t\t<p class=\"property_price\">\t\t\t\t\t\t\t\t\r\n\t\t\t\t\t\t\t\t\t0\t\t\t\t\t\t\t\t<\/p>\r\n\t\t\t\t\t\t\t<\/div>\r\n\t\t\t\t\t\t<\/div>\r\n\t\t\t\t\t<\/div>\r\n\t\t\t\t\t\t\t\t\t\t\t\t\t\t<div class=\"col-md-4\">\r\n\t\t\t\t\t\t<div class=\"user_poperties\">\r\n\t\t\t\t\t\t\t\t\t\t\t\t\t\t\t\t<a href=\"https:\/\/housescanary.com\/en\/property\/holiday-and-student-house-habitacion-2\/\" rel=\"nofollow\">\r\n\t\t\t\t\t\t\t\t\t\r\n\t\t\t\t\t\t\t\t<div class=\"user_property_img\">\t\t\t\t\t\t\t\t\t\r\n\t\t\t\t\t\t\t\t\t<img decoding=\"async\" src=\"https:\/\/housescanary.com\/wp-content\/uploads\/2024\/03\/387179418.jpg\" alt=\"\">\r\n\t\t\t\t\t\t\t\t<\/div>\r\n\t\t\t\t\t\t\t\t<p class=\"user_property_status\">\r\n\t\t\t\t\t\t\t\t\tEn alquiler\t\t\t\t\t\t\t\t<\/p>\r\n\t\t\t\t\t\t\t<\/a>\t\t\t\t\t\t\t\t\t\t\r\n\t\t\t\t\t\t\t<div class=\"user_property_desc\">\r\n\t\t\t\t\t\t\t\t<h5 class=\"property_title\">\r\n\t\t\t\t\t\t\t\t\t\t\t\t\t\t\t\t\t<a href=\"https:\/\/housescanary.com\/en\/property\/holiday-and-student-house-habitacion-2\/\" class=\"cbp-l-grid-team-name\" >Holiday and Student House (Habitaci\u00f3n 2)<\/a>\r\n\t\t\t\t\t\t\t\t\t\r\n\t\t\t\t\t\t\t\t\r\n\t\t\t\t\t\t\t\t\t\r\n\t\t\t\t\t\t\t\t<\/h5>\r\n\t\t\t\t\t\t\t\t<p class=\"property_price\">\t\t\t\t\t\t\t\t\r\n\t\t\t\t\t\t\t\t\t0\t\t\t\t\t\t\t\t<\/p>\r\n\t\t\t\t\t\t\t<\/div>\r\n\t\t\t\t\t\t<\/div>\r\n\t\t\t\t\t<\/div>\r\n\t\t\t\t\t\t\t\t\t\t\t\t\t\t<div class=\"col-md-4\">\r\n\t\t\t\t\t\t<div class=\"user_poperties\">\r\n\t\t\t\t\t\t\t\t\t\t\t\t\t\t\t\t<a href=\"https:\/\/housescanary.com\/en\/property\/holiday-and-student-house-habitacion-1\/\" rel=\"nofollow\">\r\n\t\t\t\t\t\t\t\t\t\r\n\t\t\t\t\t\t\t\t<div class=\"user_property_img\">\t\t\t\t\t\t\t\t\t\r\n\t\t\t\t\t\t\t\t\t<img decoding=\"async\" src=\"https:\/\/housescanary.com\/wp-content\/uploads\/2024\/03\/470573104.jpg\" alt=\"\">\r\n\t\t\t\t\t\t\t\t<\/div>\r\n\t\t\t\t\t\t\t\t<p class=\"user_property_status\">\r\n\t\t\t\t\t\t\t\t\tEn alquiler\t\t\t\t\t\t\t\t<\/p>\r\n\t\t\t\t\t\t\t<\/a>\t\t\t\t\t\t\t\t\t\t\r\n\t\t\t\t\t\t\t<div class=\"user_property_desc\">\r\n\t\t\t\t\t\t\t\t<h5 class=\"property_title\">\r\n\t\t\t\t\t\t\t\t\t\t\t\t\t\t\t\t\t<a href=\"https:\/\/housescanary.com\/en\/property\/holiday-and-student-house-habitacion-1\/\" class=\"cbp-l-grid-team-name\" >Holiday and Student House (Habitaci\u00f3n 1)<\/a>\r\n\t\t\t\t\t\t\t\t\t\r\n\t\t\t\t\t\t\t\t\r\n\t\t\t\t\t\t\t\t\t\r\n\t\t\t\t\t\t\t\t<\/h5>\r\n\t\t\t\t\t\t\t\t<p class=\"property_price\">\t\t\t\t\t\t\t\t\r\n\t\t\t\t\t\t\t\t\t0\t\t\t\t\t\t\t\t<\/p>\r\n\t\t\t\t\t\t\t<\/div>\r\n\t\t\t\t\t\t<\/div>\r\n\t\t\t\t\t<\/div>\r\n\t\t\t\t\t\t\t\t\t\t\t\t<div class=\"col-md-4\"><\/div>\r\n\t\t<\/div>\r\n\t<\/div>\r\n<\/div>\r\n \t\r\n<div class=\"bootstrap-wrapper\">\r\n\t<div class=\"container\">\r\n\t\t<div class=\"row\">\r\n\t\t\t<div class=\"col-md-12\">\r\n\t\t\t\t<div class=\"center\">\r\n\t\t\t\t <ul class=\"iv-pagination\"><li class=\"list-pagi\"><a href=\"https:\/\/housescanary.com\/en\/agent-public\/?&id=0&cpage=1\"> 1<\/a><\/li><li class=\"list-pagi\"><a href=\"https:\/\/housescanary.com\/en\/agent-public\/?&id=0&cpage=2\"> 2<\/a><\/li><\/ul>\t\t\t\t<\/div>  \r\n\t\t\t<\/div>\r\n\t\t<\/div>\r\n\t<\/div>\r\n<\/div>","protected":false},"excerpt":{"rendered":"","protected":false},"author":1,"featured_media":0,"parent":0,"menu_order":0,"comment_status":"closed","ping_status":"closed","template":"","meta":{"_et_pb_use_builder":"","_et_pb_old_content":"","_et_gb_content_width":"","footnotes":""},"class_list":["post-6467","page","type-page","status-publish","hentry"],"_links":{"self":[{"href":"https:\/\/housescanary.com\/en\/wp-json\/wp\/v2\/pages\/6467","targetHints":{"allow":["GET"]}}],"collection":[{"href":"https:\/\/housescanary.com\/en\/wp-json\/wp\/v2\/pages"}],"about":[{"href":"https:\/\/housescanary.com\/en\/wp-json\/wp\/v2\/types\/page"}],"author":[{"embeddable":true,"href":"https:\/\/housescanary.com\/en\/wp-json\/wp\/v2\/users\/1"}],"replies":[{"embeddable":true,"href":"https:\/\/housescanary.com\/en\/wp-json\/wp\/v2\/comments?post=6467"}],"version-history":[{"count":0,"href":"https:\/\/housescanary.com\/en\/wp-json\/wp\/v2\/pages\/6467\/revisions"}],"wp:attachment":[{"href":"https:\/\/housescanary.com\/en\/wp-json\/wp\/v2\/media?parent=6467"}],"curies":[{"name":"wp","href":"https:\/\/api.w.org\/{rel}","templated":true}]}}