{"id":6620,"date":"2024-03-19T21:04:34","date_gmt":"2024-03-19T21:04:34","guid":{"rendered":"https:\/\/housescanary.com\/?page_id=6620"},"modified":"2024-03-19T21:13:26","modified_gmt":"2024-03-19T21:13:26","slug":"accesibilidad","status":"publish","type":"page","link":"https:\/\/housescanary.com\/en\/accesibilidad\/","title":{"rendered":"Accesibilidad"},"content":{"rendered":"<p>[et_pb_section fb_built=\u00bb1&#8243; _builder_version=\u00bb4.24.2&#8243; _module_preset=\u00bbdefault\u00bb global_colors_info=\u00bb{}\u00bb][et_pb_row _builder_version=\u00bb4.24.2&#8243; _module_preset=\u00bbdefault\u00bb global_colors_info=\u00bb{}\u00bb][et_pb_column type=\u00bb4_4&#8243; _builder_version=\u00bb4.24.2&#8243; _module_preset=\u00bbdefault\u00bb global_colors_info=\u00bb{}\u00bb][et_pb_text _builder_version=\u00bb4.24.2&#8243; _module_preset=\u00bbdefault\u00bb global_colors_info=\u00bb{}\u00bb]<\/p>\n<h1><strong>DECLARACI\u00d3N DE ACCESIBILIDAD<\/strong><\/h1>\n<p>Jeffry Leone , C.I.F. n\u00ba Y7022771B , domicilio social en Doctor Juan Bosh Millares. 3 , \u00a0San Bartolom\u00e9 de Tirajana, Las Palmas se ha comprometido a hacer accesible su sitio web, de conformidad con el\u00a0<span><a href=\"https:\/\/www.boe.es\/diario_boe\/txt.php?id=BOE-A-2018-12699\" target=\"_blank\" rel=\"noopener\">Real Decreto 1112\/2018, de 7 de septiembre, sobre accesibilidad de los sitios web y aplicaciones para dispositivos m\u00f3viles del sector p\u00fablico<\/a><\/span>.<\/p>\n<p>La presente declaraci\u00f3n de accesibilidad se aplica a \u00a0<span><a href=\"mailto:leone.correo@gmail.com\">leone.correo@gmail.com<\/a><\/span><\/p>\n<p>&nbsp;<\/p>\n<p><strong>SITUACI\u00d3N DEL CUMPLIMIENTO<\/strong><\/p>\n<p>Este sitio web es\u00a0<strong>plenamente conforme<\/strong>\u00a0con el RD 1112\/2018.<\/p>\n<p>&nbsp;<\/p>\n<p><strong>CONTENIDO NO ACCESIBLE<\/strong><\/p>\n<p>Todo el contenido es accesible.<\/p>\n<p>&nbsp;<\/p>\n<p><strong>PREPARACI\u00d3N DE LA PRESENTE DECLARACI\u00d3N DE ACCESIBILIDAD<\/strong><\/p>\n<p>La presente declaraci\u00f3n fue preparada el 06 de marzo de 2023.<\/p>\n<p>El m\u00e9todo empleado para preparar la declaraci\u00f3n ha sido una autoevaluaci\u00f3n llevada a cabo por el propio organismo.<\/p>\n<p><strong>OBSERVACIONES Y DATOS DE CONTACTO<\/strong><\/p>\n<p>Puede realizar\u00a0<strong>comunicaciones<\/strong>\u00a0sobre requisitos de accesibilidad (art\u00edculo 10.2.a) del RD 1112\/2018) como por ejemplo:<\/p>\n<ul>\n<li>informar sobre cualquier posible\u00a0<strong>incumplimiento<\/strong>\u00a0por parte de este sitio web<\/li>\n<li>transmitir otras\u00a0<strong>dificultades de acceso<\/strong>\u00a0al contenido<\/li>\n<\/ul>\n<p>formular cualquier otra\u00a0<strong>consulta o sugerencia de mejora<\/strong>\u00a0relativa a la accesibilidad del sitio web \u00a0<span><a href=\"mailto:leone.correo@gmail.com\">leone.correo@gmail.com<\/a><\/span><\/p>\n<p>o Llamando al tel\u00e9fono (+34) 643 67 64 70<\/p>\n<p>Puede presentar:<\/p>\n<ul>\n<li>una queja relativa al cumplimiento de los requisitos del RD 1112\/2018 o<\/li>\n<li>una Solicitud de Informaci\u00f3n accesible relativa a:<\/li>\n<\/ul>\n<ol>\n<li>contenidos que est\u00e1n excluidos del \u00e1mbito de aplicaci\u00f3n del RD 1112\/2018 seg\u00fan lo establecido por el art\u00edculo 3, apartado 4.<\/li>\n<li>contenidos que est\u00e1n exentos del cumplimiento de los requisitos de accesibilidad por imponer una carga desproporcionada.<\/li>\n<\/ol>\n<p>En la Solicitud de informaci\u00f3n accesible, se debe concretar, con toda claridad, los hechos, razones y petici\u00f3n que permitan constatar que se trata de una solicitud razonable y leg\u00edtima.<\/p>\n<p>Las comunicaciones, quejas y solicitudes de informaci\u00f3n accesible ser\u00e1n recibidas y tratadas por Jeffry Leone<\/p>\n<p>&nbsp;<\/p>\n<p><strong>PROCEDIMIENTO DE APLICACI\u00d3N<\/strong><\/p>\n<p>En caso de no verse atendidas las solicitudes, podr\u00e1 dirigir una comunicaci\u00f3n a <span><a href=\"mailto:leone.correo@gmail.com\">leone.correo@gmail.com<\/a><\/span> dirigida en atenci\u00f3n a la Direcci\u00f3n de la organizaci\u00f3n.<\/p>\n<p>[\/et_pb_text][\/et_pb_column][\/et_pb_row][\/et_pb_section]<\/p>","protected":false},"excerpt":{"rendered":"<p>DECLARACI\u00d3N DE ACCESIBILIDAD Jeffry Leone , C.I.F. n\u00ba Y7022771B , domicilio social en Doctor Juan Bosh Millares. 3 , \u00a0San Bartolom\u00e9 de Tirajana, Las Palmas se ha comprometido a hacer accesible su sitio web, de conformidad con el\u00a0Real Decreto 1112\/2018, de 7 de septiembre, sobre accesibilidad de los sitios web y aplicaciones para dispositivos m\u00f3viles [&hellip;]<\/p>","protected":false},"author":1,"featured_media":0,"parent":0,"menu_order":0,"comment_status":"closed","ping_status":"closed","template":"","meta":{"_et_pb_use_builder":"on","_et_pb_old_content":"","_et_gb_content_width":"","footnotes":""},"class_list":["post-6620","page","type-page","status-publish","hentry"],"_links":{"self":[{"href":"https:\/\/housescanary.com\/en\/wp-json\/wp\/v2\/pages\/6620","targetHints":{"allow":["GET"]}}],"collection":[{"href":"https:\/\/housescanary.com\/en\/wp-json\/wp\/v2\/pages"}],"about":[{"href":"https:\/\/housescanary.com\/en\/wp-json\/wp\/v2\/types\/page"}],"author":[{"embeddable":true,"href":"https:\/\/housescanary.com\/en\/wp-json\/wp\/v2\/users\/1"}],"replies":[{"embeddable":true,"href":"https:\/\/housescanary.com\/en\/wp-json\/wp\/v2\/comments?post=6620"}],"version-history":[{"count":5,"href":"https:\/\/housescanary.com\/en\/wp-json\/wp\/v2\/pages\/6620\/revisions"}],"predecessor-version":[{"id":6626,"href":"https:\/\/housescanary.com\/en\/wp-json\/wp\/v2\/pages\/6620\/revisions\/6626"}],"wp:attachment":[{"href":"https:\/\/housescanary.com\/en\/wp-json\/wp\/v2\/media?parent=6620"}],"curies":[{"name":"wp","href":"https:\/\/api.w.org\/{rel}","templated":true}]}}