{"id":6628,"date":"2024-03-19T21:14:30","date_gmt":"2024-03-19T21:14:30","guid":{"rendered":"https:\/\/housescanary.com\/?page_id=6628"},"modified":"2024-03-19T21:30:08","modified_gmt":"2024-03-19T21:30:08","slug":"politicas-de-privacidad","status":"publish","type":"page","link":"https:\/\/housescanary.com\/en\/politicas-de-privacidad\/","title":{"rendered":"Pol\u00edticas de privacidad"},"content":{"rendered":"<p>[et_pb_section fb_built=\u00bb1&#8243; _builder_version=\u00bb4.24.2&#8243; _module_preset=\u00bbdefault\u00bb global_colors_info=\u00bb{}\u00bb][et_pb_row _builder_version=\u00bb4.24.2&#8243; _module_preset=\u00bbdefault\u00bb global_colors_info=\u00bb{}\u00bb][et_pb_column type=\u00bb4_4&#8243; _builder_version=\u00bb4.24.2&#8243; _module_preset=\u00bbdefault\u00bb global_colors_info=\u00bb{}\u00bb][et_pb_text _builder_version=\u00bb4.24.2&#8243; _module_preset=\u00bbdefault\u00bb global_colors_info=\u00bb{}\u00bb]<\/p>\n<div _ngcontent-ng-c3246848383=\"\" selection=\"\" class=\"response-container-content ng-tns-c3246848383-17\">\n<p><skeleton-loader _ngcontent-ng-c3246848383=\"\" _nghost-ng-c937218389=\"\" class=\"ng-tns-c937218389-18 ng-tns-c3246848383-17 ng-star-inserted\"><\/skeleton-loader><\/p>\n<div _ngcontent-ng-c3354909321=\"\" class=\"response-content ng-tns-c3246848383-17 ng-animate-disabled\">\n<p><message-content _ngcontent-ng-c3354909321=\"\" class=\"model-response-text ng-star-inserted\" _nghost-ng-c3952888771=\"\" id=\"message-content-id-r_ff66364f36596e46\"><\/message-content><\/p>\n<div _ngcontent-ng-c3952888771=\"\" class=\"markdown markdown-main-panel\" dir=\"ltr\">\n<h1 data-sourcepos=\"1:1-1:25\">Pol\u00edtica de Privacidad<\/h1>\n<p data-sourcepos=\"3:1-3:32\"><strong>Informaci\u00f3n y Consentimiento<\/strong><\/p>\n<p data-sourcepos=\"5:1-5:185\">Al usar este sitio web o cualquiera de nuestros servicios, usted acepta la recopilaci\u00f3n, el uso y la transferencia de su informaci\u00f3n personal de acuerdo con esta Pol\u00edtica de Privacidad.<\/p>\n<p data-sourcepos=\"7:1-7:33\"><strong>\u00bfQu\u00e9 informaci\u00f3n recopilamos?<\/strong><\/p>\n<ul data-sourcepos=\"9:1-12:0\">\n<li data-sourcepos=\"9:1-9:140\"><strong>Informaci\u00f3n que usted proporciona:<\/strong><span>\u00a0<\/span>Nombre, correo electr\u00f3nico, n\u00famero de tel\u00e9fono, informaci\u00f3n de pago, preferencias de alquiler, etc.<\/li>\n<li data-sourcepos=\"10:1-10:91\"><strong>Informaci\u00f3n de uso:<\/strong><span>\u00a0<\/span>P\u00e1ginas visitadas, propiedades buscadas, fechas de alquiler, etc.<\/li>\n<li data-sourcepos=\"11:1-12:0\"><strong>Informaci\u00f3n del dispositivo:<\/strong><span>\u00a0<\/span>Direcci\u00f3n IP, tipo de dispositivo, sistema operativo, etc.<\/li>\n<\/ul>\n<p data-sourcepos=\"13:1-13:36\"><strong>\u00bfC\u00f3mo utilizamos su informaci\u00f3n?<\/strong><\/p>\n<ul data-sourcepos=\"15:1-18:0\">\n<li data-sourcepos=\"15:1-15:135\"><strong>Para procesar sus reservas:<\/strong><span>\u00a0<\/span>Gestionar sus solicitudes de alquiler, confirmar reservas, enviarle informaci\u00f3n de la propiedad, etc.<\/li>\n<li data-sourcepos=\"16:1-16:136\"><strong>Para mejorar nuestros servicios:<\/strong><span>\u00a0<\/span>Personalizar su experiencia, ofrecer recomendaciones relevantes, realizar an\u00e1lisis de datos, etc.<\/li>\n<li data-sourcepos=\"17:1-18:0\"><strong>Para comunicarnos con usted:<\/strong><span>\u00a0<\/span>Responder a sus preguntas, enviarle ofertas especiales, informarle sobre cambios en nuestros servicios, etc.<\/li>\n<\/ul>\n<p data-sourcepos=\"19:1-19:42\"><strong>\u00bfCon qui\u00e9n compartimos su informaci\u00f3n?<\/strong><\/p>\n<ul data-sourcepos=\"21:1-23:0\">\n<li data-sourcepos=\"21:1-21:100\"><strong>Proveedores de servicios:<\/strong><span>\u00a0<\/span>Empresas que nos ayudan a gestionar reservas, pagos, marketing, etc.<\/li>\n<li data-sourcepos=\"22:1-23:0\"><strong>Autoridades legales:<\/strong><span>\u00a0<\/span>Cuando lo exige la ley o para proteger nuestros derechos.<\/li>\n<\/ul>\n<p data-sourcepos=\"24:1-24:16\"><strong>Sus derechos<\/strong><\/p>\n<ul data-sourcepos=\"26:1-32:0\">\n<li data-sourcepos=\"26:1-26:67\"><strong>Acceso:<\/strong><span>\u00a0<\/span>Puede solicitar una copia de su informaci\u00f3n personal.<\/li>\n<li data-sourcepos=\"27:1-27:85\"><strong>Rectificaci\u00f3n:<\/strong><span>\u00a0<\/span>Puede solicitar que corrijamos cualquier informaci\u00f3n incorrecta.<\/li>\n<li data-sourcepos=\"28:1-28:72\"><strong>Supresi\u00f3n:<\/strong><span>\u00a0<\/span>Puede solicitar que eliminemos su informaci\u00f3n personal.<\/li>\n<li data-sourcepos=\"29:1-29:98\"><strong>Limitaci\u00f3n del tratamiento:<\/strong><span>\u00a0<\/span>Puede solicitar que limitemos el uso de su informaci\u00f3n personal.<\/li>\n<li data-sourcepos=\"30:1-30:89\"><strong>Oposici\u00f3n al tratamiento:<\/strong><span>\u00a0<\/span>Puede oponerse al tratamiento de su informaci\u00f3n personal.<\/li>\n<li data-sourcepos=\"31:1-32:0\"><strong>Portabilidad de los datos:<\/strong><span>\u00a0<\/span>Puede solicitar una copia de su informaci\u00f3n personal en un formato estructurado, de uso com\u00fan y legible por m\u00e1quina.<\/li>\n<\/ul>\n<p data-sourcepos=\"33:1-33:62\"><strong>Para ejercer sus derechos, puede contactarnos a trav\u00e9s de:<\/strong><\/p>\n<ul data-sourcepos=\"35:1-37:0\">\n<li data-sourcepos=\"35:1-35:69\"><strong>Correo electr\u00f3nico:<\/strong><span> leone.correo@gmail.com<\/span><\/li>\n<li data-sourcepos=\"36:1-37:0\"><strong>Formulario de contacto:<\/strong><a href=\"https:\/\/housescanary.com\/en\/contacto\/\"><span> contacto<\/span><\/a><\/li>\n<\/ul>\n<p data-sourcepos=\"38:1-38:31\"><strong>Seguridad de la informaci\u00f3n<\/strong><\/p>\n<p data-sourcepos=\"40:1-40:167\">Tomamos medidas de seguridad t\u00e9cnicas y organizativas para proteger su informaci\u00f3n personal contra el acceso no autorizado, la p\u00e9rdida, la destrucci\u00f3n o el uso ilegal.<\/p>\n<p data-sourcepos=\"42:1-42:19\"><strong>Menores de edad<\/strong><\/p>\n<p data-sourcepos=\"44:1-44:216\">No recopilamos intencionalmente informaci\u00f3n personal de ni\u00f1os menores de 18 a\u00f1os. Si usted es padre o tutor legal y cree que su hijo nos ha proporcionado informaci\u00f3n personal, cont\u00e1ctenos para que podamos eliminarla.<\/p>\n<p data-sourcepos=\"46:1-46:46\"><strong><span class=\"citation-0\">Cambios en la Pol\u00edtica de Privacidad<\/span><\/strong><\/p>\n<p><span class=\"citation-0\"><\/span><\/p>\n<p data-sourcepos=\"48:1-48:215\"><span class=\"citation-0\"><\/span><span class=\"citation-0 citation-1 citation-end-0\">Nos reservamos el derecho de modificar esta Pol\u00edtica de Privacidad en cualquier momento.<\/span><span class=\"citation-1 citation-end-1\"> Le notificaremos sobre cualquier cambio<\/span> importante a trav\u00e9s de nuestro sitio web o por correo electr\u00f3nico.<\/p>\n<p data-sourcepos=\"50:1-50:42\"><strong>Fecha de vigencia:<\/strong> 19 de marzo de 2024<\/p>\n<p data-sourcepos=\"52:1-52:12\"><strong>Contact<\/strong><\/p>\n<p data-sourcepos=\"54:1-54:84\">Si tiene alguna pregunta sobre esta Pol\u00edtica de Privacidad, no dude en contactarnos:<\/p>\n<ul data-sourcepos=\"56:1-58:0\">\n<li data-sourcepos=\"56:1-56:69\"><strong>Correo electr\u00f3nico:<\/strong><span> leone.correo@gmail.com<\/span><\/li>\n<li data-sourcepos=\"57:1-58:0\"><strong>Formulario de contacto:<message-content _ngcontent-ng-c3354909321=\"\" class=\"model-response-text ng-star-inserted\" _nghost-ng-c3952888771=\"\" id=\"message-content-id-r_ff66364f36596e46\"><a href=\"https:\/\/housescanary.com\/en\/contacto\/\"><span> contacto<\/span><\/a><\/message-content><\/strong><\/li>\n<\/ul>\n<p data-sourcepos=\"59:1-59:25\"><strong>Informaci\u00f3n adicional<\/strong><\/p>\n<p data-sourcepos=\"61:1-61:257\">Para obtener m\u00e1s informaci\u00f3n sobre la protecci\u00f3n de datos en la Uni\u00f3n Europea, puede visitar el sitio web de la Comisi\u00f3n Europea: <a class=\"traceable-link\" target=\"_blank\" rel=\"noopener noreferrer\" href=\"https:\/\/commission.europa.eu\/law\/law-topic\/data-protection_es\">https:\/\/commission.europa.eu\/law\/law-topic\/data-protection_es<\/a>.<\/p>\n<\/div>\n<p>&nbsp;<\/p>\n<\/div>\n<\/div>\n<p>[\/et_pb_text][\/et_pb_column][\/et_pb_row][\/et_pb_section]<\/p>","protected":false},"excerpt":{"rendered":"<p>Pol\u00edtica de Privacidad Informaci\u00f3n y Consentimiento Al usar este sitio web o cualquiera de nuestros servicios, usted acepta la recopilaci\u00f3n, el uso y la transferencia de su informaci\u00f3n personal de acuerdo con esta Pol\u00edtica de Privacidad. \u00bfQu\u00e9 informaci\u00f3n recopilamos? Informaci\u00f3n que usted proporciona:\u00a0Nombre, correo electr\u00f3nico, n\u00famero de tel\u00e9fono, informaci\u00f3n de pago, preferencias de alquiler, etc. [&hellip;]<\/p>","protected":false},"author":1,"featured_media":0,"parent":0,"menu_order":0,"comment_status":"closed","ping_status":"closed","template":"","meta":{"_et_pb_use_builder":"on","_et_pb_old_content":"","_et_gb_content_width":"","footnotes":""},"class_list":["post-6628","page","type-page","status-publish","hentry"],"_links":{"self":[{"href":"https:\/\/housescanary.com\/en\/wp-json\/wp\/v2\/pages\/6628","targetHints":{"allow":["GET"]}}],"collection":[{"href":"https:\/\/housescanary.com\/en\/wp-json\/wp\/v2\/pages"}],"about":[{"href":"https:\/\/housescanary.com\/en\/wp-json\/wp\/v2\/types\/page"}],"author":[{"embeddable":true,"href":"https:\/\/housescanary.com\/en\/wp-json\/wp\/v2\/users\/1"}],"replies":[{"embeddable":true,"href":"https:\/\/housescanary.com\/en\/wp-json\/wp\/v2\/comments?post=6628"}],"version-history":[{"count":5,"href":"https:\/\/housescanary.com\/en\/wp-json\/wp\/v2\/pages\/6628\/revisions"}],"predecessor-version":[{"id":6636,"href":"https:\/\/housescanary.com\/en\/wp-json\/wp\/v2\/pages\/6628\/revisions\/6636"}],"wp:attachment":[{"href":"https:\/\/housescanary.com\/en\/wp-json\/wp\/v2\/media?parent=6628"}],"curies":[{"name":"wp","href":"https:\/\/api.w.org\/{rel}","templated":true}]}}