{"id":6637,"date":"2024-03-19T21:37:40","date_gmt":"2024-03-19T21:37:40","guid":{"rendered":"https:\/\/housescanary.com\/?page_id=6637"},"modified":"2024-03-19T21:39:08","modified_gmt":"2024-03-19T21:39:08","slug":"politica-de-cookies-ue","status":"publish","type":"page","link":"https:\/\/housescanary.com\/en\/politica-de-cookies-ue\/","title":{"rendered":"Pol\u00edtica de cookies (UE)"},"content":{"rendered":"<p>[et_pb_section fb_built=\u00bb1&#8243; _builder_version=\u00bb4.24.2&#8243; _module_preset=\u00bbdefault\u00bb global_colors_info=\u00bb{}\u00bb][et_pb_row _builder_version=\u00bb4.24.2&#8243; _module_preset=\u00bbdefault\u00bb global_colors_info=\u00bb{}\u00bb][et_pb_column type=\u00bb4_4&#8243; _builder_version=\u00bb4.24.2&#8243; _module_preset=\u00bbdefault\u00bb global_colors_info=\u00bb{}\u00bb][et_pb_text _builder_version=\u00bb4.24.2&#8243; _module_preset=\u00bbdefault\u00bb global_colors_info=\u00bb{}\u00bb]<\/p>\n<h1 data-sourcepos=\"1:1-1:27\">Pol\u00edtica de Cookies (UE)<\/h1>\n<p data-sourcepos=\"3:1-3:31\"><strong><span class=\"citation-0\">\u00bfQu\u00e9 son las cookies?<\/span><\/strong><\/p>\n<p data-sourcepos=\"5:1-5:309\"><span class=\"citation-0 citation-end-0\">Las cookies son peque\u00f1os archivos de texto que se almacenan en su dispositivo cuando visita un sitio<\/span> web. Las cookies se utilizan para almacenar informaci\u00f3n sobre su visita, como sus preferencias de idioma, la configuraci\u00f3n del sitio web y los art\u00edculos que ha visto o agregado a su carrito de compras.<\/p>\n<p data-sourcepos=\"7:1-7:37\"><strong>\u00bfQu\u00e9 tipos de cookies utilizamos?<\/strong><\/p>\n<ul data-sourcepos=\"9:1-12:0\">\n<li data-sourcepos=\"9:1-9:123\"><strong>Cookies t\u00e9cnicas:<\/strong><span>\u00a0<\/span>Son esenciales para el funcionamiento del sitio web y le permiten navegar y utilizar sus funciones.<\/li>\n<li data-sourcepos=\"10:1-10:230\"><strong>Cookies de an\u00e1lisis:<\/strong><span>\u00a0<\/span>Recopilan informaci\u00f3n sobre c\u00f3mo utiliza el sitio web, como las p\u00e1ginas que visita y el tiempo que pasa en cada p\u00e1gina. Esta informaci\u00f3n se utiliza para mejorar el sitio web y la experiencia del usuario.<\/li>\n<li data-sourcepos=\"11:1-12:0\"><strong>Cookies de publicidad:<\/strong><span>\u00a0<\/span>Se utilizan para mostrarle anuncios relevantes en funci\u00f3n de sus intereses.<\/li>\n<\/ul>\n<p data-sourcepos=\"13:1-13:38\"><strong>\u00bfC\u00f3mo puedo controlar las cookies?<\/strong><\/p>\n<p data-sourcepos=\"15:1-15:321\">Puede controlar las cookies que se utilizan en su dispositivo a trav\u00e9s de la configuraci\u00f3n de su navegador. La mayor\u00eda de los navegadores le permiten elegir qu\u00e9 cookies desea aceptar y cu\u00e1les desea rechazar. Tambi\u00e9n puede configurar su navegador para que le notifique cada vez que se coloque una cookie en su dispositivo.<\/p>\n<p data-sourcepos=\"17:1-17:37\"><strong>\u00bfC\u00f3mo puedo eliminar las cookies?<\/strong><\/p>\n<p data-sourcepos=\"19:1-19:209\">Puede eliminar las cookies que se han almacenado en su dispositivo en cualquier momento a trav\u00e9s de la configuraci\u00f3n de su navegador. La eliminaci\u00f3n de las cookies puede afectar la funcionalidad del sitio web.<\/p>\n<p data-sourcepos=\"21:1-21:18\"><strong>Consentimiento<\/strong><\/p>\n<p data-sourcepos=\"23:1-23:102\">Al utilizar nuestro sitio web, usted acepta el uso de cookies de acuerdo con esta Pol\u00edtica de Cookies.<\/p>\n<p data-sourcepos=\"25:1-25:19\"><strong>M\u00e1s informaci\u00f3n<\/strong><\/p>\n<p data-sourcepos=\"27:1-27:226\">Para obtener m\u00e1s informaci\u00f3n sobre las cookies, puede visitar el sitio web de la Comisi\u00f3n Europea: <a class=\"traceable-link\" target=\"_blank\" rel=\"noopener noreferrer\" href=\"https:\/\/commission.europa.eu\/law\/law-topic\/data-protection_es\">https:\/\/commission.europa.eu\/law\/law-topic\/data-protection_es<\/a>.<\/p>\n<p data-sourcepos=\"29:1-29:12\"><strong>Contact<\/strong><\/p>\n<p data-sourcepos=\"31:1-31:81\">Si tiene alguna pregunta sobre esta Pol\u00edtica de Cookies, no dude en contactarnos:<\/p>\n<ul data-sourcepos=\"33:1-35:0\">\n<li data-sourcepos=\"33:1-33:69\"><strong>Correo electr\u00f3nico:<\/strong><span>\u00a0<\/span>[direcci\u00f3n de correo electr\u00f3nico eliminada]<\/li>\n<li data-sourcepos=\"34:1-35:0\"><strong>Formulario de contacto:<\/strong><span>\u00a0<\/span><a class=\"traceable-link\" target=\"_blank\" rel=\"noopener noreferrer\" href=\"https:\/\/blog.hubspot.es\/website\/como-crear-formulario-contacto\">https:\/\/blog.hubspot.es\/website\/como-crear-formulario-contacto<\/a><\/li>\n<\/ul>\n<p data-sourcepos=\"36:1-36:42\"><strong>Fecha de vigencia:<\/strong> 19 de marzo de 2024<\/p>\n<p>[\/et_pb_text][\/et_pb_column][\/et_pb_row][\/et_pb_section]<\/p>","protected":false},"excerpt":{"rendered":"<p>Pol\u00edtica de Cookies (UE) \u00bfQu\u00e9 son las cookies? Las cookies son peque\u00f1os archivos de texto que se almacenan en su dispositivo cuando visita un sitio web. Las cookies se utilizan para almacenar informaci\u00f3n sobre su visita, como sus preferencias de idioma, la configuraci\u00f3n del sitio web y los art\u00edculos que ha visto o agregado a [&hellip;]<\/p>","protected":false},"author":1,"featured_media":0,"parent":0,"menu_order":0,"comment_status":"closed","ping_status":"closed","template":"","meta":{"_et_pb_use_builder":"on","_et_pb_old_content":"","_et_gb_content_width":"","footnotes":""},"class_list":["post-6637","page","type-page","status-publish","hentry"],"_links":{"self":[{"href":"https:\/\/housescanary.com\/en\/wp-json\/wp\/v2\/pages\/6637","targetHints":{"allow":["GET"]}}],"collection":[{"href":"https:\/\/housescanary.com\/en\/wp-json\/wp\/v2\/pages"}],"about":[{"href":"https:\/\/housescanary.com\/en\/wp-json\/wp\/v2\/types\/page"}],"author":[{"embeddable":true,"href":"https:\/\/housescanary.com\/en\/wp-json\/wp\/v2\/users\/1"}],"replies":[{"embeddable":true,"href":"https:\/\/housescanary.com\/en\/wp-json\/wp\/v2\/comments?post=6637"}],"version-history":[{"count":4,"href":"https:\/\/housescanary.com\/en\/wp-json\/wp\/v2\/pages\/6637\/revisions"}],"predecessor-version":[{"id":6641,"href":"https:\/\/housescanary.com\/en\/wp-json\/wp\/v2\/pages\/6637\/revisions\/6641"}],"wp:attachment":[{"href":"https:\/\/housescanary.com\/en\/wp-json\/wp\/v2\/media?parent=6637"}],"curies":[{"name":"wp","href":"https:\/\/api.w.org\/{rel}","templated":true}]}}